{"id":2300,"date":"2020-10-02T14:00:44","date_gmt":"2020-10-02T12:00:44","guid":{"rendered":"https:\/\/testsite.pagusmedia.it\/?page_id=2300"},"modified":"2023-02-09T17:20:23","modified_gmt":"2023-02-09T16:20:23","slug":"note-legali","status":"publish","type":"page","link":"https:\/\/www.fepagroup.com\/it\/note-legali\/","title":{"rendered":"Note legali"},"content":{"rendered":"\n<style type=\"text\/css\" data-created_by=\"avia_inline_auto\" id=\"style-css-av-2p2t-4ff2a43f4de6a750e07b24a26c79d87d\">\n.flex_column.av-2p2t-4ff2a43f4de6a750e07b24a26c79d87d{\n-webkit-border-radius:0px 0px 0px 0px;\n-moz-border-radius:0px 0px 0px 0px;\nborder-radius:0px 0px 0px 0px;\npadding:0px 0px 0px 0px;\n}\n<\/style>\n<div class='flex_column av-2p2t-4ff2a43f4de6a750e07b24a26c79d87d av_three_fourth  avia-builder-el-0  el_before_av_section  avia-builder-el-no-sibling  first flex_column_div av-zero-column-padding '     ><p><section  class='av_textblock_section av-kf3zs1wq-e4f05d335aa6f79e83cb332d937d62a5'  itemscope=\"itemscope\" itemtype=\"https:\/\/schema.org\/CreativeWork\" ><div class='avia_textblock'  itemprop=\"text\" ><p><span class=\"divisore-contatti\">\/<\/span>NOTE LEGALI<\/p>\n<\/div><\/section><br \/>\n\n<style type=\"text\/css\" data-created_by=\"avia_inline_auto\" id=\"style-css-av-kfs6mf1d-68c4d50e92929f7131ada6a98470c7af\">\n#top .hr.hr-invisible.av-kfs6mf1d-68c4d50e92929f7131ada6a98470c7af{\nheight:20px;\n}\n<\/style>\n<div  class='hr av-kfs6mf1d-68c4d50e92929f7131ada6a98470c7af hr-invisible  avia-builder-el-2  el_after_av_textblock  el_before_av_heading '><span class='hr-inner '><span class=\"hr-inner-style\"><\/span><\/span><\/div><br \/>\n\n<style type=\"text\/css\" data-created_by=\"avia_inline_auto\" id=\"style-css-av-kgtgaino-60e5c9b509920b1fed66985babf35703\">\n#top .av-special-heading.av-kgtgaino-60e5c9b509920b1fed66985babf35703{\npadding-bottom:10px;\n}\nbody .av-special-heading.av-kgtgaino-60e5c9b509920b1fed66985babf35703 .av-special-heading-tag .heading-char{\nfont-size:25px;\n}\n.av-special-heading.av-kgtgaino-60e5c9b509920b1fed66985babf35703 .av-subheading{\nfont-size:15px;\n}\n<\/style>\n<div  class='av-special-heading av-kgtgaino-60e5c9b509920b1fed66985babf35703 av-special-heading-h1  avia-builder-el-3  el_after_av_hr  el_before_av_hr '><h1 class='av-special-heading-tag'  itemprop=\"headline\"  >Note legali<\/h1><div class=\"special-heading-border\"><div class=\"special-heading-inner-border\"><\/div><\/div><\/div><br \/>\n\n<style type=\"text\/css\" data-created_by=\"avia_inline_auto\" id=\"style-css-av-kfs6mf1d-3-809309e5d1b21e31e4f3a3276b9d23b1\">\n#top .hr.hr-invisible.av-kfs6mf1d-3-809309e5d1b21e31e4f3a3276b9d23b1{\nheight:20px;\n}\n<\/style>\n<div  class='hr av-kfs6mf1d-3-809309e5d1b21e31e4f3a3276b9d23b1 hr-invisible  avia-builder-el-4  el_after_av_heading  avia-builder-el-last '><span class='hr-inner '><span class=\"hr-inner-style\"><\/span><\/span><\/div><\/p><\/div>\n<\/div><\/div><\/div><!-- close content main div --><\/div><\/div>\n<style type=\"text\/css\" data-created_by=\"avia_inline_auto\" id=\"style-css-av-bsrwk-db8bd3fe31472eb2669c59aada75aaf6\">\n.avia-section.av-bsrwk-db8bd3fe31472eb2669c59aada75aaf6{\nbackground-color:#f3f6f9;\nbackground-image:unset;\n}\n<\/style>\n<div id='box1-home'  class='avia-section av-bsrwk-db8bd3fe31472eb2669c59aada75aaf6 main_color avia-section-default avia-no-border-styling  avia-builder-el-5  el_after_av_three_fourth  el_before_av_section  avia-bg-style-scroll container_wrap fullsize'  ><div class='container av-section-cont-open' ><div class='template-page content  av-content-full alpha units'><div class='post-entry post-entry-type-page post-entry-2300'><div class='entry-content-wrapper clearfix'>\n\n<style type=\"text\/css\" data-created_by=\"avia_inline_auto\" id=\"style-css-av-kf6zalue-52309110d5fde094f6d4f5841e7e2597\">\n#top .hr.hr-invisible.av-kf6zalue-52309110d5fde094f6d4f5841e7e2597{\nheight:50px;\n}\n<\/style>\n<div  class='hr av-kf6zalue-52309110d5fde094f6d4f5841e7e2597 hr-invisible  avia-builder-el-6  el_before_av_one_third  avia-builder-el-first '><span class='hr-inner '><span class=\"hr-inner-style\"><\/span><\/span><\/div>\n<div class='flex_column_table av-79k63-2a8335f582d0a0703e2ec1156156fbe2 sc-av_one_third av-equal-height-column-flextable'>\n<style type=\"text\/css\" data-created_by=\"avia_inline_auto\" id=\"style-css-av-79k63-2a8335f582d0a0703e2ec1156156fbe2\">\n.flex_column.av-79k63-2a8335f582d0a0703e2ec1156156fbe2{\n-webkit-border-radius:0px 0px 0px 0px;\n-moz-border-radius:0px 0px 0px 0px;\nborder-radius:0px 0px 0px 0px;\npadding:0px 0px 0px 0px;\n}\n<\/style>\n<div class='flex_column av-79k63-2a8335f582d0a0703e2ec1156156fbe2 av_one_third  avia-builder-el-7  el_after_av_hr  el_before_av_two_third  first no_margin flex_column_table_cell av-equal-height-column av-align-top av-zero-column-padding '     ><style type=\"text\/css\" data-created_by=\"avia_inline_auto\" id=\"style-css-av-kf6t73fc-bdb6cafb4217ad19a34eabbb75ac680d\">\n.avia-image-container.av-kf6t73fc-bdb6cafb4217ad19a34eabbb75ac680d img.avia_image{\nbox-shadow:none;\n}\n.avia-image-container.av-kf6t73fc-bdb6cafb4217ad19a34eabbb75ac680d .av-image-caption-overlay-center{\ncolor:#ffffff;\n}\n<\/style>\n<div  class='avia-image-container av-kf6t73fc-bdb6cafb4217ad19a34eabbb75ac680d av-styling-no-styling avia_animated_image av-animated-when-visible-95 left-to-right avia-align-  avia-builder-el-8  avia-builder-el-no-sibling '   itemprop=\"image\" itemscope=\"itemscope\" itemtype=\"https:\/\/schema.org\/ImageObject\" ><div class=\"avia-image-container-inner\"><div class=\"avia-image-overlay-wrap\"><img decoding=\"async\" class='wp-image-2408 avia-img-lazy-loading-not-2408 avia_image ' src=\"https:\/\/www.fepagroup.com\/wp-content\/uploads\/2020\/10\/NOTE-LEGALI-IMG.jpg\" alt='Fepa - Immagine - Stabilimento' title='Fepa  - Immagine - Stabilimento'  height=\"800\" width=\"1200\"  itemprop=\"thumbnailUrl\" srcset=\"https:\/\/www.fepagroup.com\/wp-content\/uploads\/2020\/10\/NOTE-LEGALI-IMG.jpg 1200w, https:\/\/www.fepagroup.com\/wp-content\/uploads\/2020\/10\/NOTE-LEGALI-IMG-300x200.jpg 300w, https:\/\/www.fepagroup.com\/wp-content\/uploads\/2020\/10\/NOTE-LEGALI-IMG-1030x687.jpg 1030w, https:\/\/www.fepagroup.com\/wp-content\/uploads\/2020\/10\/NOTE-LEGALI-IMG-768x512.jpg 768w, https:\/\/www.fepagroup.com\/wp-content\/uploads\/2020\/10\/NOTE-LEGALI-IMG-705x470.jpg 705w\" sizes=\"(max-width: 1200px) 100vw, 1200px\" \/><\/div><\/div><\/div><\/div>\n<style type=\"text\/css\" data-created_by=\"avia_inline_auto\" id=\"style-css-av-o2r0-2cd4ac2904c8439b013f0e99e86c11a7\">\n.flex_column.av-o2r0-2cd4ac2904c8439b013f0e99e86c11a7{\n-webkit-border-radius:0px 0px 0px 0px;\n-moz-border-radius:0px 0px 0px 0px;\nborder-radius:0px 0px 0px 0px;\npadding:0px 0px 0px 0px;\n}\n<\/style>\n<div class='flex_column av-o2r0-2cd4ac2904c8439b013f0e99e86c11a7 av_two_third  avia-builder-el-9  el_after_av_one_third  avia-builder-el-last  no_margin flex_column_table_cell av-equal-height-column av-align-top av-zero-column-padding '     ><\/div><\/div><!--close column table wrapper. Autoclose: 1 -->\n\n<\/div><\/div><\/div><!-- close content main div --><\/div><\/div>\n<style type=\"text\/css\" data-created_by=\"avia_inline_auto\" id=\"style-css-av-kf6tfozx-c50e1d1ca0dfd0feab45d7d4aec95491\">\n.avia-section.av-kf6tfozx-c50e1d1ca0dfd0feab45d7d4aec95491{\nbackground-color:#f3f6f9;\nbackground-image:unset;\nmargin-top:0px;\nmargin-bottom:0px;\n}\n<\/style>\n<div id='av_section_2'  class='avia-section av-kf6tfozx-c50e1d1ca0dfd0feab45d7d4aec95491 main_color avia-section-default avia-no-border-styling  avia-builder-el-10  el_after_av_section  el_before_av_hr  sezione-menu-indice-sovrapposta avia-bg-style-scroll container_wrap fullsize'  ><div class='container av-section-cont-open' ><div class='template-page content  av-content-full alpha units'><div class='post-entry post-entry-type-page post-entry-2300'><div class='entry-content-wrapper clearfix'>\n\n<style type=\"text\/css\" data-created_by=\"avia_inline_auto\" id=\"style-css-av-79k63-2-8871f97a3f26dc8405033135a66dbaca\">\n.flex_column.av-79k63-2-8871f97a3f26dc8405033135a66dbaca{\n-webkit-border-radius:0px 0px 0px 0px;\n-moz-border-radius:0px 0px 0px 0px;\nborder-radius:0px 0px 0px 0px;\npadding:30px 30px 0px 30px;\n}\n<\/style>\n<div class='flex_column av-79k63-2-8871f97a3f26dc8405033135a66dbaca av_one_fourth  avia-builder-el-11  el_before_av_three_fifth  avia-builder-el-first  first no_margin flex_column_div '     ><\/div>\n<style type=\"text\/css\" data-created_by=\"avia_inline_auto\" id=\"style-css-av-79k63-1-3e4e7628eb61e6066771542171e34a8f\">\n.flex_column.av-79k63-1-3e4e7628eb61e6066771542171e34a8f{\n-webkit-border-radius:0px 0px 0px 0px;\n-moz-border-radius:0px 0px 0px 0px;\nborder-radius:0px 0px 0px 0px;\npadding:0px 0px 0px 0px;\n}\n<\/style>\n<div class='flex_column av-79k63-1-3e4e7628eb61e6066771542171e34a8f av_three_fifth  avia-builder-el-12  el_after_av_one_fourth  avia-builder-el-last  colonna-1-pagina-interna no_margin flex_column_div av-animated-generic bottom-to-top av-zero-column-padding '     ><p><section  class='av_textblock_section av-kf3zs1wq-4-7b115630b476b78445fb1ef41082741d'  itemscope=\"itemscope\" itemtype=\"https:\/\/schema.org\/CreativeWork\" ><div class='avia_textblock'  itemprop=\"text\" ><p><span class=\"divisore-contatti\">\/<\/span>NOTE LEGALI<\/p>\n<\/div><\/section><br \/>\n<section  class='av_textblock_section av-kf408v99-23c8e7a6710e62395af37a970e525914'  itemscope=\"itemscope\" itemtype=\"https:\/\/schema.org\/CreativeWork\" ><div class='avia_textblock'  itemprop=\"text\" ><p><strong>Definizioni<\/strong><br \/>\n<u>SOCIETA\u2019<\/u>: Fepa S.p.a, V.le del lavoro 2, San Polo di Torrile 43056 (PR)\u2013 P.Iva 00928510346<\/p>\n<p><u>SITO<\/u>: il sito fepagroup.com inclusivo dei suoi sotto-siti riconducibili direttamente a SOCIETA\u2019 e\/o facenti capo a domini riferibili alla SOCIETA\u2019.<\/p>\n<p><u>CONTENUTI<\/u>: i contenuti testuali, gli elementi grafici e fotografici, i marchi e loghi, i nomi a dominio, i contenuti sonori, musicali, video, audiovisivi, le funzionalit\u00e0, la documentazione tecnica e i manuali e qualsiasi materiale visualizzabile e accessibile attraverso il SITO.<\/p>\n<p><u>VISITATORE<\/u>: chiunque naviga nel SITO<br \/>\nL\u2019accesso, la consultazione e l\u2019utilizzo delle pagine del presente SITO comportano l\u2019integrale accettazione da parte del VISITATORE di tutto quanto asserito nel presente documento. La navigazione del Sito \u00e8 da considerarsi complessivamente a titolo gratuito fatti salvi gli eventuali costi di connessione a carico del VISITATORE.<\/p>\n<p><strong>Copyright<\/strong><strong><br \/>\n<\/strong>I CONTENUTI del SITO sono di propriet\u00e0 della SOCIETA\u2019 e sono coperti da copyright.<strong><br \/>\n<\/strong>Al VISITATORE \u00e8 vietato copiare, pubblicare, diffondere, trasmettere o rendere altrimenti disponibili, anche parzialmente e\/o a seguito di modificazioni, qualsiasi contenuto pubblicato nel presente SITO, pena la possibilit\u00e0 di incorrere in sanzioni civili e penali. \u00c8 altres\u00ec vietata la riproduzione della grafica del SITO; gli elementi costitutivi del SITO sono tutelati da accordi commerciali e il loro utilizzo \u00e8 conforme alle leggi sui marchi registrati, sulla concorrenza e altre leggi e non possono essere copiati o imitati.<\/p>\n<p><strong>Esenzione di responsabilit\u00e0<br \/>\n<\/strong>Tutti i contenuti pubblicati sul SITO sono forniti a mero scopo di informazione generale, senza fornire garanzie sulla loro accuratezza e completezza. SOCIETA\u2019 si riserva il diritto di modificare ed aggiornare detti contenuti senza preavviso alcuno e senza poter essere ritenuta responsabile per ogni e qualsiasi danno, diretto o indiretto, ivi compreso il lucro cessante, derivante dall\u2019utilizzo o dall\u2019impossibilit\u00e0 di utilizzo del SITO e dei suoi contenuti, o di siti ad esso collegati direttamente o indirettamente, cos\u00ec come da omissioni o errori.<\/p>\n<p><strong>Marchi<br \/>\n<\/strong>I nomi di prodotti e societ\u00e0 citati nel presente SITO possono essere marchi dei rispettivi proprietari, \u00e8 fatto perci\u00f2 espresso divieto all\u2019utilizzo non autorizzato degli stessi.<\/p>\n<p><strong>Legge Applicabile<br \/>\n<\/strong>Fatta salva ogni diversa disposizione di legge, tutte le eventuali controversie o liti che dovessero insorgere in merito a qualunque utilizzo del SITO o dei CONTENUTI tra la SOCIETA\u2019 ed il VISITATORE o con i soggetti che hanno collaborato o collaboreranno alla sua pubblicazione o alla stesura o aggiornamento dei CONTENUTI, la giurisdizione accettata \u00e8 quella dello Stato Italiano e, comunque, la legge applicabile \u00e8 quelle italiana in vigore al momento della lite.<\/p>\n<\/div><\/section><\/p><\/div><\/div><\/div><\/div><!-- close content main div --><\/div><\/div><div id='after_section_2'  class='main_color av_default_container_wrap container_wrap fullsize'  ><div class='container av-section-cont-open' ><div class='template-page content  av-content-full alpha units'><div class='post-entry post-entry-type-page post-entry-2300'><div class='entry-content-wrapper clearfix'>\n<style type=\"text\/css\" data-created_by=\"avia_inline_auto\" id=\"style-css-av-kfs6hqju-5aa74fe9ee10068cd4a1e92a8589c91b\">\n#top .hr.hr-invisible.av-kfs6hqju-5aa74fe9ee10068cd4a1e92a8589c91b{\nheight:50px;\n}\n<\/style>\n<div  class='hr av-kfs6hqju-5aa74fe9ee10068cd4a1e92a8589c91b hr-invisible  avia-builder-el-15  el_after_av_section  avia-builder-el-no-sibling '><span class='hr-inner '><span class=\"hr-inner-style\"><\/span><\/span><\/div><\/p>\n","protected":false},"excerpt":{"rendered":"","protected":false},"author":1,"featured_media":0,"parent":0,"menu_order":0,"comment_status":"closed","ping_status":"open","template":"","meta":{"inline_featured_image":false,"footnotes":""},"categories":[],"tags":[],"class_list":["post-2300","page","type-page","status-publish","hentry"],"yoast_head":"<!-- This site is optimized with the Yoast SEO plugin v23.6 - https:\/\/yoast.com\/wordpress\/plugins\/seo\/ -->\n<title>Note legali | Fepa S.p.a.<\/title>\n<meta name=\"robots\" content=\"index, follow, max-snippet:-1, max-image-preview:large, max-video-preview:-1\" \/>\n<link rel=\"canonical\" href=\"https:\/\/www.fepagroup.com\/it\/note-legali\/\" \/>\n<meta property=\"og:locale\" content=\"it_IT\" \/>\n<meta property=\"og:type\" content=\"article\" \/>\n<meta property=\"og:title\" content=\"Note legali | Fepa S.p.a.\" \/>\n<meta property=\"og:url\" content=\"https:\/\/www.fepagroup.com\/it\/note-legali\/\" \/>\n<meta property=\"og:site_name\" content=\"Fepa S.p.a.\" \/>\n<meta property=\"article:modified_time\" content=\"2023-02-09T16:20:23+00:00\" \/>\n<meta name=\"twitter:card\" content=\"summary_large_image\" \/>\n<meta name=\"twitter:label1\" content=\"Tempo di lettura stimato\" \/>\n\t<meta name=\"twitter:data1\" content=\"9 minuti\" \/>\n<script type=\"application\/ld+json\" class=\"yoast-schema-graph\">{\"@context\":\"https:\/\/schema.org\",\"@graph\":[{\"@type\":\"WebPage\",\"@id\":\"https:\/\/www.fepagroup.com\/it\/note-legali\/\",\"url\":\"https:\/\/www.fepagroup.com\/it\/note-legali\/\",\"name\":\"Note legali | Fepa S.p.a.\",\"isPartOf\":{\"@id\":\"https:\/\/www.fepagroup.com\/it\/#website\"},\"datePublished\":\"2020-10-02T12:00:44+00:00\",\"dateModified\":\"2023-02-09T16:20:23+00:00\",\"breadcrumb\":{\"@id\":\"https:\/\/www.fepagroup.com\/it\/note-legali\/#breadcrumb\"},\"inLanguage\":\"it-IT\",\"potentialAction\":[{\"@type\":\"ReadAction\",\"target\":[\"https:\/\/www.fepagroup.com\/it\/note-legali\/\"]}]},{\"@type\":\"BreadcrumbList\",\"@id\":\"https:\/\/www.fepagroup.com\/it\/note-legali\/#breadcrumb\",\"itemListElement\":[{\"@type\":\"ListItem\",\"position\":1,\"name\":\"Home\",\"item\":\"https:\/\/www.fepagroup.com\/it\/home-page\/\"},{\"@type\":\"ListItem\",\"position\":2,\"name\":\"Note legali\"}]},{\"@type\":\"WebSite\",\"@id\":\"https:\/\/www.fepagroup.com\/it\/#website\",\"url\":\"https:\/\/www.fepagroup.com\/it\/\",\"name\":\"Fepa S.p.a.\",\"description\":\"Fepa: packaging per le tue idee\",\"potentialAction\":[{\"@type\":\"SearchAction\",\"target\":{\"@type\":\"EntryPoint\",\"urlTemplate\":\"https:\/\/www.fepagroup.com\/it\/?s={search_term_string}\"},\"query-input\":{\"@type\":\"PropertyValueSpecification\",\"valueRequired\":true,\"valueName\":\"search_term_string\"}}],\"inLanguage\":\"it-IT\"}]}<\/script>\n<!-- \/ Yoast SEO plugin. -->","yoast_head_json":{"title":"Note legali | Fepa S.p.a.","robots":{"index":"index","follow":"follow","max-snippet":"max-snippet:-1","max-image-preview":"max-image-preview:large","max-video-preview":"max-video-preview:-1"},"canonical":"https:\/\/www.fepagroup.com\/it\/note-legali\/","og_locale":"it_IT","og_type":"article","og_title":"Note legali | Fepa S.p.a.","og_url":"https:\/\/www.fepagroup.com\/it\/note-legali\/","og_site_name":"Fepa S.p.a.","article_modified_time":"2023-02-09T16:20:23+00:00","twitter_card":"summary_large_image","twitter_misc":{"Tempo di lettura stimato":"9 minuti"},"schema":{"@context":"https:\/\/schema.org","@graph":[{"@type":"WebPage","@id":"https:\/\/www.fepagroup.com\/it\/note-legali\/","url":"https:\/\/www.fepagroup.com\/it\/note-legali\/","name":"Note legali | Fepa S.p.a.","isPartOf":{"@id":"https:\/\/www.fepagroup.com\/it\/#website"},"datePublished":"2020-10-02T12:00:44+00:00","dateModified":"2023-02-09T16:20:23+00:00","breadcrumb":{"@id":"https:\/\/www.fepagroup.com\/it\/note-legali\/#breadcrumb"},"inLanguage":"it-IT","potentialAction":[{"@type":"ReadAction","target":["https:\/\/www.fepagroup.com\/it\/note-legali\/"]}]},{"@type":"BreadcrumbList","@id":"https:\/\/www.fepagroup.com\/it\/note-legali\/#breadcrumb","itemListElement":[{"@type":"ListItem","position":1,"name":"Home","item":"https:\/\/www.fepagroup.com\/it\/home-page\/"},{"@type":"ListItem","position":2,"name":"Note legali"}]},{"@type":"WebSite","@id":"https:\/\/www.fepagroup.com\/it\/#website","url":"https:\/\/www.fepagroup.com\/it\/","name":"Fepa S.p.a.","description":"Fepa: packaging per le tue idee","potentialAction":[{"@type":"SearchAction","target":{"@type":"EntryPoint","urlTemplate":"https:\/\/www.fepagroup.com\/it\/?s={search_term_string}"},"query-input":{"@type":"PropertyValueSpecification","valueRequired":true,"valueName":"search_term_string"}}],"inLanguage":"it-IT"}]}},"_links":{"self":[{"href":"https:\/\/www.fepagroup.com\/it\/wp-json\/wp\/v2\/pages\/2300"}],"collection":[{"href":"https:\/\/www.fepagroup.com\/it\/wp-json\/wp\/v2\/pages"}],"about":[{"href":"https:\/\/www.fepagroup.com\/it\/wp-json\/wp\/v2\/types\/page"}],"author":[{"embeddable":true,"href":"https:\/\/www.fepagroup.com\/it\/wp-json\/wp\/v2\/users\/1"}],"replies":[{"embeddable":true,"href":"https:\/\/www.fepagroup.com\/it\/wp-json\/wp\/v2\/comments?post=2300"}],"version-history":[{"count":3,"href":"https:\/\/www.fepagroup.com\/it\/wp-json\/wp\/v2\/pages\/2300\/revisions"}],"predecessor-version":[{"id":4619,"href":"https:\/\/www.fepagroup.com\/it\/wp-json\/wp\/v2\/pages\/2300\/revisions\/4619"}],"wp:attachment":[{"href":"https:\/\/www.fepagroup.com\/it\/wp-json\/wp\/v2\/media?parent=2300"}],"wp:term":[{"taxonomy":"category","embeddable":true,"href":"https:\/\/www.fepagroup.com\/it\/wp-json\/wp\/v2\/categories?post=2300"},{"taxonomy":"post_tag","embeddable":true,"href":"https:\/\/www.fepagroup.com\/it\/wp-json\/wp\/v2\/tags?post=2300"}],"curies":[{"name":"wp","href":"https:\/\/api.w.org\/{rel}","templated":true}]}}